{"id":3213,"date":"2022-01-21T17:56:00","date_gmt":"2022-01-21T17:56:00","guid":{"rendered":"https:\/\/onelegal.sanzza.eu\/privacy-and-cookie-policy\/"},"modified":"2022-05-03T11:41:14","modified_gmt":"2022-05-03T11:41:14","slug":"politica-de-privacidade-e-de-cookies","status":"publish","type":"page","link":"https:\/\/onelegal.pt\/pt-pt\/politica-de-privacidade-e-de-cookies\/","title":{"rendered":"Pol\u00edtica de Privacidade e de Cookies"},"content":{"rendered":"\t\t<div data-elementor-type=\"wp-page\" data-elementor-id=\"3213\" class=\"elementor elementor-3213\" data-elementor-post-type=\"page\">\n\t\t\t\t\t\t<section class=\"elementor-section elementor-top-section elementor-element elementor-element-32fc172 elementor-section-boxed elementor-section-height-default elementor-section-height-default\" data-id=\"32fc172\" data-element_type=\"section\">\n\t\t\t\t\t\t<div class=\"elementor-container elementor-column-gap-default\">\n\t\t\t\t\t<div class=\"elementor-column elementor-col-100 elementor-top-column elementor-element elementor-element-efb4157\" data-id=\"efb4157\" data-element_type=\"column\">\n\t\t\t<div class=\"elementor-widget-wrap elementor-element-populated\">\n\t\t\t\t\t\t<div class=\"elementor-element elementor-element-7b1dc34 elementor-widget elementor-widget-heading\" data-id=\"7b1dc34\" data-element_type=\"widget\" data-widget_type=\"heading.default\">\n\t\t\t\t<div class=\"elementor-widget-container\">\n\t\t\t<style>\/*! elementor - v3.23.0 - 15-07-2024 *\/\n.elementor-heading-title{padding:0;margin:0;line-height:1}.elementor-widget-heading .elementor-heading-title[class*=elementor-size-]>a{color:inherit;font-size:inherit;line-height:inherit}.elementor-widget-heading .elementor-heading-title.elementor-size-small{font-size:15px}.elementor-widget-heading .elementor-heading-title.elementor-size-medium{font-size:19px}.elementor-widget-heading .elementor-heading-title.elementor-size-large{font-size:29px}.elementor-widget-heading .elementor-heading-title.elementor-size-xl{font-size:39px}.elementor-widget-heading .elementor-heading-title.elementor-size-xxl{font-size:59px}<\/style><h3 class=\"elementor-heading-title elementor-size-default\">INFORMA\u00c7\u00c3O LEGAL<\/h3>\t\t<\/div>\n\t\t\t\t<\/div>\n\t\t\t\t<div class=\"elementor-element elementor-element-755f5bc elementor-widget elementor-widget-heading\" data-id=\"755f5bc\" data-element_type=\"widget\" data-widget_type=\"heading.default\">\n\t\t\t\t<div class=\"elementor-widget-container\">\n\t\t\t<h1 class=\"elementor-heading-title elementor-size-default\">Pol\u00edtica de Privacidade e de Cookies<\/h1>\t\t<\/div>\n\t\t\t\t<\/div>\n\t\t\t\t<div class=\"elementor-element elementor-element-1bf0b02 elementor-widget elementor-widget-text-editor\" data-id=\"1bf0b02\" data-element_type=\"widget\" data-widget_type=\"text-editor.default\">\n\t\t\t\t<div class=\"elementor-widget-container\">\n\t\t\t<style>\/*! elementor - v3.23.0 - 15-07-2024 *\/\n.elementor-widget-text-editor.elementor-drop-cap-view-stacked .elementor-drop-cap{background-color:#69727d;color:#fff}.elementor-widget-text-editor.elementor-drop-cap-view-framed .elementor-drop-cap{color:#69727d;border:3px solid;background-color:transparent}.elementor-widget-text-editor:not(.elementor-drop-cap-view-default) .elementor-drop-cap{margin-top:8px}.elementor-widget-text-editor:not(.elementor-drop-cap-view-default) .elementor-drop-cap-letter{width:1em;height:1em}.elementor-widget-text-editor .elementor-drop-cap{float:left;text-align:center;line-height:1;font-size:50px}.elementor-widget-text-editor .elementor-drop-cap-letter{display:inline-block}<\/style>\t\t\t\t<p>A OneLegal est\u00e1 empenhada em salvaguardar o seu direito \u00e0 privacidade e \u00e0 manuten\u00e7\u00e3o da confidencialidade dos seus dados pessoais. A Pol\u00edtica Privacidade da OneLegal \u00e9 aplic\u00e1vel a todo e qualquer tratamento de dados pessoais realizado no \u00e2mbito da nossa atividade, sejam eles clientes, colaboradores, prestadores de servi\u00e7os, candidatos, fornecedores ou qualquer terceira pessoa no \u00e2mbito laboral e comercial. Neste sentido, adotamos medidas administrativas e procedimentos internos para cumprir com o novo Regulamento Geral de Protec\u0327a\u0303o de Dados (RGPD).<br \/>A OneLegal compromete-se com a confidencialidade e prote\u00e7\u00e3o dos dados de todas as pessoas com quem se relaciona, nos termos legais e em cumprimento do RGPD. O tratamento de dados pessoais \u00e9 regido pela Lei 67\/98 de 25 de outubro, sobre a Prote\u00e7\u00e3o de Dados Pessoais.<\/p><p><strong>CAPTA\u00c7\u00c3O DE DADOS<\/strong><\/p><p>A OneLegal procede a\u0300 captac\u0327a\u0303o de dados pessoais principalmente atrave\u0301s do seu website no enderec\u0327o www.onelegal.pt e no \u00e2mbito da sua atividade profissional. Para dar seguimento ao tratamento de dados, poder\u00e1 proceder \u00e0 recolha, registo, organiza\u00e7\u00e3o, conserva\u00e7\u00e3o, altera\u00e7\u00e3o, recupera\u00e7\u00e3o, consulta, utiliza\u00e7\u00e3o ou qualquer outra forma de disponibiliza\u00e7\u00e3o, apagamento ou destrui\u00e7\u00e3o dos dados pessoais dos seus clientes e colaboradores atrav\u00e9s de meios automatizados, ou n\u00e3o.<\/p><p><strong>TRATAMENTO DE DADOS<\/strong><\/p><p>A OneLegal recolhe e trata dados pessoais em duas o\u0301ticas: no contexto da sua atividade comercial ou laboral e no \u00e2mbito do marketing, com consentimento expli\u0301cito dos seus titulares, n\u00e3o podendo tratar os dados futuramente de uma forma inconcili\u00e1vel com essas finalidades.<\/p><p>Toda a informa\u00e7\u00e3o recolhida pela OneLegal \u00e9 para o seu uso exclusivo e esta compromete-se a n\u00e3o a vender, trocar, alugar ou partilhar a terceiros sem o consentimento expl\u00edcito do utilizador, exceto em caso de decis\u00e3o de judicial.<br \/>O nosso objetivo com a recolha dos dados \u00e9 cumprir com as obriga\u00e7\u00f5es legais junto das autoridades competentes (no caso de clientes e colaboradores) e dar a conhecer os nossos servic\u0327os, projetos e outras informac\u0327o\u0303es u\u0301teis como not\u00edcias e dicas por email (no caso das a\u00e7\u00f5es de marketing).<br \/>Os dados recolhidos apenas ser\u00e3o os necess\u00e1rios e adequados ao cumprimento das finalidades descritas e ser\u00e3o mantidos de forma atualizada. Os dados pessoais poder\u00e3o ser preservados durante um per\u00edodo de tempo pr\u00e9-definido tendo em considera\u00e7\u00e3o as finalidades do tratamento e ser\u00e3o eliminados ou pseudonimizados ap\u00f3s o per\u00edodo de conserva\u00e7\u00e3o.<\/p><p>A OneLegal reserva-se ao direito de alterar esta Pol\u00edtica de Privacidade sempre que for necess\u00e1rio de forma a estar em conformidade com as leis e regulamentos em vigor. Estas altera\u00e7\u00f5es ser\u00e3o sempre participadas a colaboradores, clientes ou quaisquer outras partes interessadas atrav\u00e9s de envios de e-mail, aviso ou da forma mais conveniente.<\/p>\t\t\t\t\t\t<\/div>\n\t\t\t\t<\/div>\n\t\t\t\t\t<\/div>\n\t\t<\/div>\n\t\t\t\t\t<\/div>\n\t\t<\/section>\n\t\t\t\t<\/div>\n\t\t","protected":false},"excerpt":{"rendered":"<p>INFORMA\u00c7\u00c3O LEGAL A OneLegal est\u00e1 empenhada em salvaguardar o seu direito \u00e0 privacidade e \u00e0 manuten\u00e7\u00e3o da confidencialidade dos seus dados pessoais. A Pol\u00edtica Privacidade da OneLegal \u00e9 aplic\u00e1vel a todo e qualquer tratamento de dados pessoais realizado no \u00e2mbito da nossa atividade, sejam eles clientes, colaboradores, prestadores de servi\u00e7os, candidatos, fornecedores ou qualquer terceira [&hellip;]<\/p>\n","protected":false},"author":13,"featured_media":0,"parent":0,"menu_order":0,"comment_status":"closed","ping_status":"closed","template":"elementor_header_footer","meta":{"footnotes":""},"class_list":["post-3213","page","type-page","status-publish","hentry"],"yoast_head":"<!-- This site is optimized with the Yoast SEO plugin v23.0 - https:\/\/yoast.com\/wordpress\/plugins\/seo\/ -->\n<title>Pol\u00edtica de Privacidade e de Cookies - OneLegal<\/title>\n<meta name=\"robots\" content=\"index, follow, max-snippet:-1, max-image-preview:large, max-video-preview:-1\" \/>\n<link rel=\"canonical\" href=\"https:\/\/onelegal.pt\/pt-pt\/politica-de-privacidade-e-de-cookies\/\" \/>\n<meta property=\"og:locale\" content=\"pt_PT\" \/>\n<meta property=\"og:type\" content=\"article\" \/>\n<meta property=\"og:title\" content=\"Pol\u00edtica de Privacidade e de Cookies - OneLegal\" \/>\n<meta property=\"og:description\" content=\"INFORMA\u00c7\u00c3O LEGAL A OneLegal est\u00e1 empenhada em salvaguardar o seu direito \u00e0 privacidade e \u00e0 manuten\u00e7\u00e3o da confidencialidade dos seus dados pessoais. A Pol\u00edtica Privacidade da OneLegal \u00e9 aplic\u00e1vel a todo e qualquer tratamento de dados pessoais realizado no \u00e2mbito da nossa atividade, sejam eles clientes, colaboradores, prestadores de servi\u00e7os, candidatos, fornecedores ou qualquer terceira [&hellip;]\" \/>\n<meta property=\"og:url\" content=\"https:\/\/onelegal.pt\/pt-pt\/politica-de-privacidade-e-de-cookies\/\" \/>\n<meta property=\"og:site_name\" content=\"OneLegal\" \/>\n<meta property=\"article:publisher\" content=\"https:\/\/www.facebook.com\/onelegal.oficial\" \/>\n<meta property=\"article:modified_time\" content=\"2022-05-03T11:41:14+00:00\" \/>\n<meta name=\"twitter:card\" content=\"summary_large_image\" \/>\n<meta name=\"twitter:label1\" content=\"Tempo estimado de leitura\" \/>\n\t<meta name=\"twitter:data1\" content=\"2 minutos\" \/>\n<script type=\"application\/ld+json\" class=\"yoast-schema-graph\">{\"@context\":\"https:\/\/schema.org\",\"@graph\":[{\"@type\":\"WebPage\",\"@id\":\"https:\/\/onelegal.pt\/pt-pt\/politica-de-privacidade-e-de-cookies\/\",\"url\":\"https:\/\/onelegal.pt\/pt-pt\/politica-de-privacidade-e-de-cookies\/\",\"name\":\"Pol\u00edtica de Privacidade e de Cookies - OneLegal\",\"isPartOf\":{\"@id\":\"https:\/\/onelegal.pt\/pt-pt\/#website\"},\"datePublished\":\"2022-01-21T17:56:00+00:00\",\"dateModified\":\"2022-05-03T11:41:14+00:00\",\"breadcrumb\":{\"@id\":\"https:\/\/onelegal.pt\/pt-pt\/politica-de-privacidade-e-de-cookies\/#breadcrumb\"},\"inLanguage\":\"pt-PT\",\"potentialAction\":[{\"@type\":\"ReadAction\",\"target\":[\"https:\/\/onelegal.pt\/pt-pt\/politica-de-privacidade-e-de-cookies\/\"]}]},{\"@type\":\"BreadcrumbList\",\"@id\":\"https:\/\/onelegal.pt\/pt-pt\/politica-de-privacidade-e-de-cookies\/#breadcrumb\",\"itemListElement\":[{\"@type\":\"ListItem\",\"position\":1,\"name\":\"In\u00edcio\",\"item\":\"https:\/\/onelegal.pt\/pt-pt\/\"},{\"@type\":\"ListItem\",\"position\":2,\"name\":\"Pol\u00edtica de Privacidade e de Cookies\"}]},{\"@type\":\"WebSite\",\"@id\":\"https:\/\/onelegal.pt\/pt-pt\/#website\",\"url\":\"https:\/\/onelegal.pt\/pt-pt\/\",\"name\":\"OneLegal\",\"description\":\"\",\"publisher\":{\"@id\":\"https:\/\/onelegal.pt\/pt-pt\/#organization\"},\"potentialAction\":[{\"@type\":\"SearchAction\",\"target\":{\"@type\":\"EntryPoint\",\"urlTemplate\":\"https:\/\/onelegal.pt\/pt-pt\/?s={search_term_string}\"},\"query-input\":\"required name=search_term_string\"}],\"inLanguage\":\"pt-PT\"},{\"@type\":\"Organization\",\"@id\":\"https:\/\/onelegal.pt\/pt-pt\/#organization\",\"name\":\"One Legal\",\"url\":\"https:\/\/onelegal.pt\/pt-pt\/\",\"logo\":{\"@type\":\"ImageObject\",\"inLanguage\":\"pt-PT\",\"@id\":\"https:\/\/onelegal.pt\/pt-pt\/#\/schema\/logo\/image\/\",\"url\":\"https:\/\/onelegal.pt\/wp-content\/uploads\/2022\/01\/Prancheta-2.svg\",\"contentUrl\":\"https:\/\/onelegal.pt\/wp-content\/uploads\/2022\/01\/Prancheta-2.svg\",\"width\":1,\"height\":1,\"caption\":\"One Legal\"},\"image\":{\"@id\":\"https:\/\/onelegal.pt\/pt-pt\/#\/schema\/logo\/image\/\"},\"sameAs\":[\"https:\/\/www.facebook.com\/onelegal.oficial\",\"https:\/\/www.youtube.com\/channel\/UC8K-CmwBq5T8cXxAOLswV7Q\",\"https:\/\/www.linkedin.com\/company\/onelegaloficial\/\"]}]}<\/script>\n<!-- \/ Yoast SEO plugin. -->","yoast_head_json":{"title":"Pol\u00edtica de Privacidade e de Cookies - OneLegal","robots":{"index":"index","follow":"follow","max-snippet":"max-snippet:-1","max-image-preview":"max-image-preview:large","max-video-preview":"max-video-preview:-1"},"canonical":"https:\/\/onelegal.pt\/pt-pt\/politica-de-privacidade-e-de-cookies\/","og_locale":"pt_PT","og_type":"article","og_title":"Pol\u00edtica de Privacidade e de Cookies - OneLegal","og_description":"INFORMA\u00c7\u00c3O LEGAL A OneLegal est\u00e1 empenhada em salvaguardar o seu direito \u00e0 privacidade e \u00e0 manuten\u00e7\u00e3o da confidencialidade dos seus dados pessoais. A Pol\u00edtica Privacidade da OneLegal \u00e9 aplic\u00e1vel a todo e qualquer tratamento de dados pessoais realizado no \u00e2mbito da nossa atividade, sejam eles clientes, colaboradores, prestadores de servi\u00e7os, candidatos, fornecedores ou qualquer terceira [&hellip;]","og_url":"https:\/\/onelegal.pt\/pt-pt\/politica-de-privacidade-e-de-cookies\/","og_site_name":"OneLegal","article_publisher":"https:\/\/www.facebook.com\/onelegal.oficial","article_modified_time":"2022-05-03T11:41:14+00:00","twitter_card":"summary_large_image","twitter_misc":{"Tempo estimado de leitura":"2 minutos"},"schema":{"@context":"https:\/\/schema.org","@graph":[{"@type":"WebPage","@id":"https:\/\/onelegal.pt\/pt-pt\/politica-de-privacidade-e-de-cookies\/","url":"https:\/\/onelegal.pt\/pt-pt\/politica-de-privacidade-e-de-cookies\/","name":"Pol\u00edtica de Privacidade e de Cookies - OneLegal","isPartOf":{"@id":"https:\/\/onelegal.pt\/pt-pt\/#website"},"datePublished":"2022-01-21T17:56:00+00:00","dateModified":"2022-05-03T11:41:14+00:00","breadcrumb":{"@id":"https:\/\/onelegal.pt\/pt-pt\/politica-de-privacidade-e-de-cookies\/#breadcrumb"},"inLanguage":"pt-PT","potentialAction":[{"@type":"ReadAction","target":["https:\/\/onelegal.pt\/pt-pt\/politica-de-privacidade-e-de-cookies\/"]}]},{"@type":"BreadcrumbList","@id":"https:\/\/onelegal.pt\/pt-pt\/politica-de-privacidade-e-de-cookies\/#breadcrumb","itemListElement":[{"@type":"ListItem","position":1,"name":"In\u00edcio","item":"https:\/\/onelegal.pt\/pt-pt\/"},{"@type":"ListItem","position":2,"name":"Pol\u00edtica de Privacidade e de Cookies"}]},{"@type":"WebSite","@id":"https:\/\/onelegal.pt\/pt-pt\/#website","url":"https:\/\/onelegal.pt\/pt-pt\/","name":"OneLegal","description":"","publisher":{"@id":"https:\/\/onelegal.pt\/pt-pt\/#organization"},"potentialAction":[{"@type":"SearchAction","target":{"@type":"EntryPoint","urlTemplate":"https:\/\/onelegal.pt\/pt-pt\/?s={search_term_string}"},"query-input":"required name=search_term_string"}],"inLanguage":"pt-PT"},{"@type":"Organization","@id":"https:\/\/onelegal.pt\/pt-pt\/#organization","name":"One Legal","url":"https:\/\/onelegal.pt\/pt-pt\/","logo":{"@type":"ImageObject","inLanguage":"pt-PT","@id":"https:\/\/onelegal.pt\/pt-pt\/#\/schema\/logo\/image\/","url":"https:\/\/onelegal.pt\/wp-content\/uploads\/2022\/01\/Prancheta-2.svg","contentUrl":"https:\/\/onelegal.pt\/wp-content\/uploads\/2022\/01\/Prancheta-2.svg","width":1,"height":1,"caption":"One Legal"},"image":{"@id":"https:\/\/onelegal.pt\/pt-pt\/#\/schema\/logo\/image\/"},"sameAs":["https:\/\/www.facebook.com\/onelegal.oficial","https:\/\/www.youtube.com\/channel\/UC8K-CmwBq5T8cXxAOLswV7Q","https:\/\/www.linkedin.com\/company\/onelegaloficial\/"]}]}},"_links":{"self":[{"href":"https:\/\/onelegal.pt\/pt-pt\/wp-json\/wp\/v2\/pages\/3213","targetHints":{"allow":["GET"]}}],"collection":[{"href":"https:\/\/onelegal.pt\/pt-pt\/wp-json\/wp\/v2\/pages"}],"about":[{"href":"https:\/\/onelegal.pt\/pt-pt\/wp-json\/wp\/v2\/types\/page"}],"author":[{"embeddable":true,"href":"https:\/\/onelegal.pt\/pt-pt\/wp-json\/wp\/v2\/users\/13"}],"replies":[{"embeddable":true,"href":"https:\/\/onelegal.pt\/pt-pt\/wp-json\/wp\/v2\/comments?post=3213"}],"version-history":[{"count":0,"href":"https:\/\/onelegal.pt\/pt-pt\/wp-json\/wp\/v2\/pages\/3213\/revisions"}],"wp:attachment":[{"href":"https:\/\/onelegal.pt\/pt-pt\/wp-json\/wp\/v2\/media?parent=3213"}],"curies":[{"name":"wp","href":"https:\/\/api.w.org\/{rel}","templated":true}]}}