{"id":3201,"date":"2022-03-02T13:04:06","date_gmt":"2022-03-02T13:04:06","guid":{"rendered":"https:\/\/onelegal.sanzza.eu\/one-experience\/real-estate-construction\/"},"modified":"2023-02-14T17:03:40","modified_gmt":"2023-02-14T17:03:40","slug":"imobiliario-e-construcao","status":"publish","type":"page","link":"https:\/\/onelegal.pt\/pt-pt\/uma-experiencia-unica\/imobiliario-e-construcao\/","title":{"rendered":"Imobili\u00e1rio e Constru\u00e7\u00e3o"},"content":{"rendered":"\t\t<div data-elementor-type=\"wp-page\" data-elementor-id=\"3201\" class=\"elementor elementor-3201\" data-elementor-post-type=\"page\">\n\t\t\t\t\t\t<section class=\"elementor-section elementor-top-section elementor-element elementor-element-b9bddce elementor-reverse-mobile elementor-section-boxed elementor-section-height-default elementor-section-height-default\" data-id=\"b9bddce\" data-element_type=\"section\">\n\t\t\t\t\t\t<div class=\"elementor-container elementor-column-gap-default\">\n\t\t\t\t\t<div class=\"elementor-column elementor-col-50 elementor-top-column elementor-element elementor-element-49d0463\" data-id=\"49d0463\" data-element_type=\"column\">\n\t\t\t<div class=\"elementor-widget-wrap elementor-element-populated\">\n\t\t\t\t\t\t<div class=\"elementor-element elementor-element-e8a55d3 elementor-widget elementor-widget-heading\" data-id=\"e8a55d3\" data-element_type=\"widget\" data-widget_type=\"heading.default\">\n\t\t\t\t<div class=\"elementor-widget-container\">\n\t\t\t<style>\/*! elementor - v3.23.0 - 15-07-2024 *\/\n.elementor-heading-title{padding:0;margin:0;line-height:1}.elementor-widget-heading .elementor-heading-title[class*=elementor-size-]>a{color:inherit;font-size:inherit;line-height:inherit}.elementor-widget-heading .elementor-heading-title.elementor-size-small{font-size:15px}.elementor-widget-heading .elementor-heading-title.elementor-size-medium{font-size:19px}.elementor-widget-heading .elementor-heading-title.elementor-size-large{font-size:29px}.elementor-widget-heading .elementor-heading-title.elementor-size-xl{font-size:39px}.elementor-widget-heading .elementor-heading-title.elementor-size-xxl{font-size:59px}<\/style><h3 class=\"elementor-heading-title elementor-size-default\">EXPERI\u00caNCIA \u00daNICA<\/h3>\t\t<\/div>\n\t\t\t\t<\/div>\n\t\t\t\t<div class=\"elementor-element elementor-element-7b9b53b elementor-widget elementor-widget-heading\" data-id=\"7b9b53b\" data-element_type=\"widget\" data-widget_type=\"heading.default\">\n\t\t\t\t<div class=\"elementor-widget-container\">\n\t\t\t<h2 class=\"elementor-heading-title elementor-size-default\">Imobili\u00e1rio e Constru\u00e7\u00e3o<\/h2>\t\t<\/div>\n\t\t\t\t<\/div>\n\t\t\t\t<div class=\"elementor-element elementor-element-7936db5 textcontent list elementor-widget elementor-widget-text-editor\" data-id=\"7936db5\" data-element_type=\"widget\" data-widget_type=\"text-editor.default\">\n\t\t\t\t<div class=\"elementor-widget-container\">\n\t\t\t<style>\/*! elementor - v3.23.0 - 15-07-2024 *\/\n.elementor-widget-text-editor.elementor-drop-cap-view-stacked .elementor-drop-cap{background-color:#69727d;color:#fff}.elementor-widget-text-editor.elementor-drop-cap-view-framed .elementor-drop-cap{color:#69727d;border:3px solid;background-color:transparent}.elementor-widget-text-editor:not(.elementor-drop-cap-view-default) .elementor-drop-cap{margin-top:8px}.elementor-widget-text-editor:not(.elementor-drop-cap-view-default) .elementor-drop-cap-letter{width:1em;height:1em}.elementor-widget-text-editor .elementor-drop-cap{float:left;text-align:center;line-height:1;font-size:50px}.elementor-widget-text-editor .elementor-drop-cap-letter{display:inline-block}<\/style>\t\t\t\t<ul><li style=\"font-weight: 400;\" aria-level=\"1\"><span style=\"font-weight: 400;\">Todos os aspetos de imobili\u00e1rio comercial<\/span><\/li><li style=\"font-weight: 400;\" aria-level=\"1\"><span style=\"font-weight: 400;\">Aquisi\u00e7\u00f5es<\/span><\/li><li style=\"font-weight: 400;\" aria-level=\"1\"><span style=\"font-weight: 400;\">Aliena\u00e7\u00f5es<\/span><\/li><li style=\"font-weight: 400;\" aria-level=\"1\"><span style=\"font-weight: 400;\">Desenvolvimento<\/span><\/li><li style=\"font-weight: 400;\" aria-level=\"1\"><span style=\"font-weight: 400;\">Financiamento e Cr\u00e9dito<\/span><\/li><li style=\"font-weight: 400;\" aria-level=\"1\"><span style=\"font-weight: 400;\">Refinanciamento<\/span><\/li><li style=\"font-weight: 400;\" aria-level=\"1\"><span style=\"font-weight: 400;\">Constru\u00e7\u00e3o e gest\u00e3o<\/span><\/li><li style=\"font-weight: 400;\" aria-level=\"1\"><span style=\"font-weight: 400;\">Elabora\u00e7\u00e3o e negocia\u00e7\u00e3o de empreendimentos conjuntos [joint ventures]<\/span><\/li><\/ul>\t\t\t\t\t\t<\/div>\n\t\t\t\t<\/div>\n\t\t\t\t\t<\/div>\n\t\t<\/div>\n\t\t\t\t<div class=\"elementor-column elementor-col-50 elementor-top-column elementor-element elementor-element-1b13538\" data-id=\"1b13538\" data-element_type=\"column\">\n\t\t\t<div class=\"elementor-widget-wrap\">\n\t\t\t\t\t\t\t<\/div>\n\t\t<\/div>\n\t\t\t\t\t<\/div>\n\t\t<\/section>\n\t\t\t\t<section class=\"elementor-section elementor-top-section elementor-element elementor-element-d80d989 elementor-section-full_width elementor-section-stretched elementor-section-height-default elementor-section-height-default\" data-id=\"d80d989\" data-element_type=\"section\" data-settings=\"{&quot;stretch_section&quot;:&quot;section-stretched&quot;}\">\n\t\t\t\t\t\t<div class=\"elementor-container elementor-column-gap-no\">\n\t\t\t\t\t<div class=\"elementor-column elementor-col-50 elementor-top-column elementor-element elementor-element-121c008\" data-id=\"121c008\" data-element_type=\"column\">\n\t\t\t<div class=\"elementor-widget-wrap\">\n\t\t\t\t\t\t\t<\/div>\n\t\t<\/div>\n\t\t\t\t<div class=\"elementor-column elementor-col-50 elementor-top-column elementor-element elementor-element-9a1af2a\" data-id=\"9a1af2a\" data-element_type=\"column\">\n\t\t\t<div class=\"elementor-widget-wrap elementor-element-populated\">\n\t\t\t\t\t\t<div class=\"elementor-element elementor-element-0d0eb58 elementor-cta--skin-cover elementor-widget elementor-widget-call-to-action\" data-id=\"0d0eb58\" data-element_type=\"widget\" data-widget_type=\"call-to-action.default\">\n\t\t\t\t<div class=\"elementor-widget-container\">\n\t\t\t<link rel=\"stylesheet\" href=\"https:\/\/onelegal.pt\/wp-content\/plugins\/pro-elements\/assets\/css\/widget-call-to-action.min.css\">\t\t<div class=\"elementor-cta\">\n\t\t\t\t\t<div class=\"elementor-cta__bg-wrapper\">\n\t\t\t\t<div class=\"elementor-cta__bg elementor-bg\" style=\"background-image: url(https:\/\/onelegal.pt\/wp-content\/uploads\/2022\/03\/onelegal-experience-servic\u0327os4.jpg);\" role=\"img\" aria-label=\"onelegal-experience-servic\u0327os4\"><\/div>\n\t\t\t\t<div class=\"elementor-cta__bg-overlay\"><\/div>\n\t\t\t<\/div>\n\t\t\t\t\t\t\t<div class=\"elementor-cta__content\">\n\t\t\t\t\n\t\t\t\t\t\t\t\t\t<h2 class=\"elementor-cta__title elementor-cta__content-item elementor-content-item\">\n\t\t\t\t\t\t \t\t\t\t\t<\/h2>\n\t\t\t\t\n\t\t\t\t\t\t\t\t\t<div class=\"elementor-cta__description elementor-cta__content-item elementor-content-item\">\n\t\t\t\t\t\t \t\t\t\t\t<\/div>\n\t\t\t\t\n\t\t\t\t\t\t\t<\/div>\n\t\t\t\t\t\t<\/div>\n\t\t\t\t<\/div>\n\t\t\t\t<\/div>\n\t\t\t\t\t<\/div>\n\t\t<\/div>\n\t\t\t\t\t<\/div>\n\t\t<\/section>\n\t\t\t\t<section class=\"elementor-section elementor-top-section elementor-element elementor-element-1788af6 elementor-section-boxed elementor-section-height-default elementor-section-height-default\" data-id=\"1788af6\" data-element_type=\"section\">\n\t\t\t\t\t\t<div class=\"elementor-container elementor-column-gap-default\">\n\t\t\t\t\t<div class=\"elementor-column elementor-col-50 elementor-top-column elementor-element elementor-element-293f4af\" data-id=\"293f4af\" data-element_type=\"column\">\n\t\t\t<div class=\"elementor-widget-wrap elementor-element-populated\">\n\t\t\t\t\t\t<div class=\"elementor-element elementor-element-aa0ca7b elementor-widget elementor-widget-heading\" data-id=\"aa0ca7b\" data-element_type=\"widget\" data-widget_type=\"heading.default\">\n\t\t\t\t<div class=\"elementor-widget-container\">\n\t\t\t<div class=\"elementor-heading-title elementor-size-default\">Para mais informa\u00e7\u00f5es,<br> envie mensagem para<br><a href=\"mailto:onelegal@onelegal.pt\">onelegal@onelegal.pt<\/a><\/div>\t\t<\/div>\n\t\t\t\t<\/div>\n\t\t\t\t\t<\/div>\n\t\t<\/div>\n\t\t\t\t<div class=\"elementor-column elementor-col-50 elementor-top-column elementor-element elementor-element-69c4f8a\" data-id=\"69c4f8a\" data-element_type=\"column\">\n\t\t\t<div class=\"elementor-widget-wrap elementor-element-populated\">\n\t\t\t\t\t\t<div class=\"elementor-element elementor-element-de01a27 elementor-widget elementor-widget-heading\" data-id=\"de01a27\" data-element_type=\"widget\" data-widget_type=\"heading.default\">\n\t\t\t\t<div class=\"elementor-widget-container\">\n\t\t\t<h3 class=\"elementor-heading-title elementor-size-default\">EXPERI\u00caNCIA \u00daNICA<\/h3>\t\t<\/div>\n\t\t\t\t<\/div>\n\t\t\t\t<div class=\"elementor-element elementor-element-bca03be elementor-widget elementor-widget-heading\" data-id=\"bca03be\" data-element_type=\"widget\" data-widget_type=\"heading.default\">\n\t\t\t\t<div class=\"elementor-widget-container\">\n\t\t\t<h2 class=\"elementor-heading-title elementor-size-default\">Experi\u00eancia<\/h2>\t\t<\/div>\n\t\t\t\t<\/div>\n\t\t\t\t<div class=\"elementor-element elementor-element-6b92fa1 elementor-widget-divider--view-line elementor-widget elementor-widget-divider\" data-id=\"6b92fa1\" data-element_type=\"widget\" data-widget_type=\"divider.default\">\n\t\t\t\t<div class=\"elementor-widget-container\">\n\t\t\t<style>\/*! elementor - v3.23.0 - 15-07-2024 *\/\n.elementor-widget-divider{--divider-border-style:none;--divider-border-width:1px;--divider-color:#0c0d0e;--divider-icon-size:20px;--divider-element-spacing:10px;--divider-pattern-height:24px;--divider-pattern-size:20px;--divider-pattern-url:none;--divider-pattern-repeat:repeat-x}.elementor-widget-divider .elementor-divider{display:flex}.elementor-widget-divider .elementor-divider__text{font-size:15px;line-height:1;max-width:95%}.elementor-widget-divider .elementor-divider__element{margin:0 var(--divider-element-spacing);flex-shrink:0}.elementor-widget-divider .elementor-icon{font-size:var(--divider-icon-size)}.elementor-widget-divider .elementor-divider-separator{display:flex;margin:0;direction:ltr}.elementor-widget-divider--view-line_icon .elementor-divider-separator,.elementor-widget-divider--view-line_text .elementor-divider-separator{align-items:center}.elementor-widget-divider--view-line_icon .elementor-divider-separator:after,.elementor-widget-divider--view-line_icon .elementor-divider-separator:before,.elementor-widget-divider--view-line_text .elementor-divider-separator:after,.elementor-widget-divider--view-line_text .elementor-divider-separator:before{display:block;content:\"\";border-block-end:0;flex-grow:1;border-block-start:var(--divider-border-width) var(--divider-border-style) var(--divider-color)}.elementor-widget-divider--element-align-left .elementor-divider .elementor-divider-separator>.elementor-divider__svg:first-of-type{flex-grow:0;flex-shrink:100}.elementor-widget-divider--element-align-left .elementor-divider-separator:before{content:none}.elementor-widget-divider--element-align-left .elementor-divider__element{margin-left:0}.elementor-widget-divider--element-align-right .elementor-divider .elementor-divider-separator>.elementor-divider__svg:last-of-type{flex-grow:0;flex-shrink:100}.elementor-widget-divider--element-align-right .elementor-divider-separator:after{content:none}.elementor-widget-divider--element-align-right .elementor-divider__element{margin-right:0}.elementor-widget-divider--element-align-start .elementor-divider .elementor-divider-separator>.elementor-divider__svg:first-of-type{flex-grow:0;flex-shrink:100}.elementor-widget-divider--element-align-start .elementor-divider-separator:before{content:none}.elementor-widget-divider--element-align-start .elementor-divider__element{margin-inline-start:0}.elementor-widget-divider--element-align-end .elementor-divider .elementor-divider-separator>.elementor-divider__svg:last-of-type{flex-grow:0;flex-shrink:100}.elementor-widget-divider--element-align-end .elementor-divider-separator:after{content:none}.elementor-widget-divider--element-align-end .elementor-divider__element{margin-inline-end:0}.elementor-widget-divider:not(.elementor-widget-divider--view-line_text):not(.elementor-widget-divider--view-line_icon) .elementor-divider-separator{border-block-start:var(--divider-border-width) var(--divider-border-style) var(--divider-color)}.elementor-widget-divider--separator-type-pattern{--divider-border-style:none}.elementor-widget-divider--separator-type-pattern.elementor-widget-divider--view-line .elementor-divider-separator,.elementor-widget-divider--separator-type-pattern:not(.elementor-widget-divider--view-line) .elementor-divider-separator:after,.elementor-widget-divider--separator-type-pattern:not(.elementor-widget-divider--view-line) .elementor-divider-separator:before,.elementor-widget-divider--separator-type-pattern:not([class*=elementor-widget-divider--view]) .elementor-divider-separator{width:100%;min-height:var(--divider-pattern-height);-webkit-mask-size:var(--divider-pattern-size) 100%;mask-size:var(--divider-pattern-size) 100%;-webkit-mask-repeat:var(--divider-pattern-repeat);mask-repeat:var(--divider-pattern-repeat);background-color:var(--divider-color);-webkit-mask-image:var(--divider-pattern-url);mask-image:var(--divider-pattern-url)}.elementor-widget-divider--no-spacing{--divider-pattern-size:auto}.elementor-widget-divider--bg-round{--divider-pattern-repeat:round}.rtl .elementor-widget-divider .elementor-divider__text{direction:rtl}.e-con-inner>.elementor-widget-divider,.e-con>.elementor-widget-divider{width:var(--container-widget-width,100%);--flex-grow:var(--container-widget-flex-grow)}<\/style>\t\t<div class=\"elementor-divider\">\n\t\t\t<span class=\"elementor-divider-separator\">\n\t\t\t\t\t\t<\/span>\n\t\t<\/div>\n\t\t\t\t<\/div>\n\t\t\t\t<\/div>\n\t\t\t\t<div class=\"elementor-element elementor-element-349d795 elementor-widget elementor-widget-heading\" data-id=\"349d795\" data-element_type=\"widget\" data-widget_type=\"heading.default\">\n\t\t\t\t<div class=\"elementor-widget-container\">\n\t\t\t<div class=\"elementor-heading-title elementor-size-default\">Cabo Verde<\/div>\t\t<\/div>\n\t\t\t\t<\/div>\n\t\t\t\t<div class=\"elementor-element elementor-element-ca20429 textcontent list elementor-widget elementor-widget-text-editor\" data-id=\"ca20429\" data-element_type=\"widget\" data-widget_type=\"text-editor.default\">\n\t\t\t\t<div class=\"elementor-widget-container\">\n\t\t\t\t\t\t\t<p><span style=\"font-weight: 400;\">Assessores de uma operadora tur\u00edstica internacional no \u00e2mbito de investimentos em hot\u00e9is e imobili\u00e1rio nas ilhas do Sal e da Boa Vista\u00a0<\/span><\/p>\t\t\t\t\t\t<\/div>\n\t\t\t\t<\/div>\n\t\t\t\t<div class=\"elementor-element elementor-element-0d7fa9d elementor-widget elementor-widget-heading\" data-id=\"0d7fa9d\" data-element_type=\"widget\" data-widget_type=\"heading.default\">\n\t\t\t\t<div class=\"elementor-widget-container\">\n\t\t\t<div class=\"elementor-heading-title elementor-size-default\">Portugal<\/div>\t\t<\/div>\n\t\t\t\t<\/div>\n\t\t\t\t<div class=\"elementor-element elementor-element-e4c335c textcontent list elementor-widget elementor-widget-text-editor\" data-id=\"e4c335c\" data-element_type=\"widget\" data-widget_type=\"text-editor.default\">\n\t\t\t\t<div class=\"elementor-widget-container\">\n\t\t\t\t\t\t\t<p><span style=\"font-weight: 400;\">Assessores de um fundo imobili\u00e1rio no \u00e2mbito da aquisi\u00e7\u00e3o de um empreendimento de escrit\u00f3rios em Lisboa<\/span><\/p><p><span style=\"font-weight: 400;\">Assessores de uma promotora imobili\u00e1ria no \u00e2mbito do licenciamento de um complexo tur\u00edstico no Algarve<\/span><\/p>\t\t\t\t\t\t<\/div>\n\t\t\t\t<\/div>\n\t\t\t\t<div class=\"elementor-element elementor-element-c295435 elementor-widget elementor-widget-heading\" data-id=\"c295435\" data-element_type=\"widget\" data-widget_type=\"heading.default\">\n\t\t\t\t<div class=\"elementor-widget-container\">\n\t\t\t<div class=\"elementor-heading-title elementor-size-default\">Angola<\/div>\t\t<\/div>\n\t\t\t\t<\/div>\n\t\t\t\t<div class=\"elementor-element elementor-element-a838dbd textcontent list elementor-widget elementor-widget-text-editor\" data-id=\"a838dbd\" data-element_type=\"widget\" data-widget_type=\"text-editor.default\">\n\t\t\t\t<div class=\"elementor-widget-container\">\n\t\t\t\t\t\t\t<p><span style=\"font-weight: 400;\">Assessores de um grupo de investidores internacionais na realiza\u00e7\u00e3o de estudo de viabilidade, constru\u00e7\u00e3o e opera\u00e7\u00e3o de uma unidade hoteleira em Luanda<\/span><\/p>\t\t\t\t\t\t<\/div>\n\t\t\t\t<\/div>\n\t\t\t\t\t<\/div>\n\t\t<\/div>\n\t\t\t\t\t<\/div>\n\t\t<\/section>\n\t\t\t\t<\/div>\n\t\t","protected":false},"excerpt":{"rendered":"<p>EXPERI\u00caNCIA \u00daNICA Imobili\u00e1rio e Constru\u00e7\u00e3o Todos os aspetos de imobili\u00e1rio comercial Aquisi\u00e7\u00f5es Aliena\u00e7\u00f5es Desenvolvimento Financiamento e Cr\u00e9dito Refinanciamento Constru\u00e7\u00e3o e gest\u00e3o Elabora\u00e7\u00e3o e negocia\u00e7\u00e3o de empreendimentos conjuntos [joint ventures] Para mais informa\u00e7\u00f5es, envie mensagem paraonelegal@onelegal.pt EXPERI\u00caNCIA \u00daNICA Experi\u00eancia Cabo Verde Assessores de uma operadora tur\u00edstica internacional no \u00e2mbito de investimentos em hot\u00e9is e imobili\u00e1rio nas [&hellip;]<\/p>\n","protected":false},"author":13,"featured_media":0,"parent":3131,"menu_order":0,"comment_status":"closed","ping_status":"closed","template":"elementor_header_footer","meta":{"footnotes":""},"class_list":["post-3201","page","type-page","status-publish","hentry"],"yoast_head":"<!-- This site is optimized with the Yoast SEO plugin v23.0 - https:\/\/yoast.com\/wordpress\/plugins\/seo\/ -->\n<title>Imobili\u00e1rio e Constru\u00e7\u00e3o - OneLegal<\/title>\n<meta name=\"robots\" content=\"index, follow, max-snippet:-1, max-image-preview:large, max-video-preview:-1\" \/>\n<link rel=\"canonical\" href=\"https:\/\/onelegal.pt\/pt-pt\/uma-experiencia-unica\/imobiliario-e-construcao\/\" \/>\n<meta property=\"og:locale\" content=\"pt_PT\" \/>\n<meta property=\"og:type\" content=\"article\" \/>\n<meta property=\"og:title\" content=\"Imobili\u00e1rio e Constru\u00e7\u00e3o - OneLegal\" \/>\n<meta property=\"og:description\" content=\"EXPERI\u00caNCIA \u00daNICA Imobili\u00e1rio e Constru\u00e7\u00e3o Todos os aspetos de imobili\u00e1rio comercial Aquisi\u00e7\u00f5es Aliena\u00e7\u00f5es Desenvolvimento Financiamento e Cr\u00e9dito Refinanciamento Constru\u00e7\u00e3o e gest\u00e3o Elabora\u00e7\u00e3o e negocia\u00e7\u00e3o de empreendimentos conjuntos [joint ventures] Para mais informa\u00e7\u00f5es, envie mensagem paraonelegal@onelegal.pt EXPERI\u00caNCIA \u00daNICA Experi\u00eancia Cabo Verde Assessores de uma operadora tur\u00edstica internacional no \u00e2mbito de investimentos em hot\u00e9is e imobili\u00e1rio nas [&hellip;]\" \/>\n<meta property=\"og:url\" content=\"https:\/\/onelegal.pt\/pt-pt\/uma-experiencia-unica\/imobiliario-e-construcao\/\" \/>\n<meta property=\"og:site_name\" content=\"OneLegal\" \/>\n<meta property=\"article:publisher\" content=\"https:\/\/www.facebook.com\/onelegal.oficial\" \/>\n<meta property=\"article:modified_time\" content=\"2023-02-14T17:03:40+00:00\" \/>\n<meta name=\"twitter:card\" content=\"summary_large_image\" \/>\n<meta name=\"twitter:label1\" content=\"Tempo estimado de leitura\" \/>\n\t<meta name=\"twitter:data1\" content=\"1 minuto\" \/>\n<script type=\"application\/ld+json\" class=\"yoast-schema-graph\">{\"@context\":\"https:\/\/schema.org\",\"@graph\":[{\"@type\":\"WebPage\",\"@id\":\"https:\/\/onelegal.pt\/pt-pt\/uma-experiencia-unica\/imobiliario-e-construcao\/\",\"url\":\"https:\/\/onelegal.pt\/pt-pt\/uma-experiencia-unica\/imobiliario-e-construcao\/\",\"name\":\"Imobili\u00e1rio e Constru\u00e7\u00e3o - OneLegal\",\"isPartOf\":{\"@id\":\"https:\/\/onelegal.pt\/pt-pt\/#website\"},\"datePublished\":\"2022-03-02T13:04:06+00:00\",\"dateModified\":\"2023-02-14T17:03:40+00:00\",\"breadcrumb\":{\"@id\":\"https:\/\/onelegal.pt\/pt-pt\/uma-experiencia-unica\/imobiliario-e-construcao\/#breadcrumb\"},\"inLanguage\":\"pt-PT\",\"potentialAction\":[{\"@type\":\"ReadAction\",\"target\":[\"https:\/\/onelegal.pt\/pt-pt\/uma-experiencia-unica\/imobiliario-e-construcao\/\"]}]},{\"@type\":\"BreadcrumbList\",\"@id\":\"https:\/\/onelegal.pt\/pt-pt\/uma-experiencia-unica\/imobiliario-e-construcao\/#breadcrumb\",\"itemListElement\":[{\"@type\":\"ListItem\",\"position\":1,\"name\":\"In\u00edcio\",\"item\":\"https:\/\/onelegal.pt\/pt-pt\/\"},{\"@type\":\"ListItem\",\"position\":2,\"name\":\"Experi\u00eancia \u00danica\",\"item\":\"https:\/\/onelegal.pt\/pt-pt\/uma-experiencia-unica\/\"},{\"@type\":\"ListItem\",\"position\":3,\"name\":\"Imobili\u00e1rio e Constru\u00e7\u00e3o\"}]},{\"@type\":\"WebSite\",\"@id\":\"https:\/\/onelegal.pt\/pt-pt\/#website\",\"url\":\"https:\/\/onelegal.pt\/pt-pt\/\",\"name\":\"OneLegal\",\"description\":\"\",\"publisher\":{\"@id\":\"https:\/\/onelegal.pt\/pt-pt\/#organization\"},\"potentialAction\":[{\"@type\":\"SearchAction\",\"target\":{\"@type\":\"EntryPoint\",\"urlTemplate\":\"https:\/\/onelegal.pt\/pt-pt\/?s={search_term_string}\"},\"query-input\":\"required name=search_term_string\"}],\"inLanguage\":\"pt-PT\"},{\"@type\":\"Organization\",\"@id\":\"https:\/\/onelegal.pt\/pt-pt\/#organization\",\"name\":\"One Legal\",\"url\":\"https:\/\/onelegal.pt\/pt-pt\/\",\"logo\":{\"@type\":\"ImageObject\",\"inLanguage\":\"pt-PT\",\"@id\":\"https:\/\/onelegal.pt\/pt-pt\/#\/schema\/logo\/image\/\",\"url\":\"https:\/\/onelegal.pt\/wp-content\/uploads\/2022\/01\/Prancheta-2.svg\",\"contentUrl\":\"https:\/\/onelegal.pt\/wp-content\/uploads\/2022\/01\/Prancheta-2.svg\",\"width\":1,\"height\":1,\"caption\":\"One Legal\"},\"image\":{\"@id\":\"https:\/\/onelegal.pt\/pt-pt\/#\/schema\/logo\/image\/\"},\"sameAs\":[\"https:\/\/www.facebook.com\/onelegal.oficial\",\"https:\/\/www.youtube.com\/channel\/UC8K-CmwBq5T8cXxAOLswV7Q\",\"https:\/\/www.linkedin.com\/company\/onelegaloficial\/\"]}]}<\/script>\n<!-- \/ Yoast SEO plugin. -->","yoast_head_json":{"title":"Imobili\u00e1rio e Constru\u00e7\u00e3o - OneLegal","robots":{"index":"index","follow":"follow","max-snippet":"max-snippet:-1","max-image-preview":"max-image-preview:large","max-video-preview":"max-video-preview:-1"},"canonical":"https:\/\/onelegal.pt\/pt-pt\/uma-experiencia-unica\/imobiliario-e-construcao\/","og_locale":"pt_PT","og_type":"article","og_title":"Imobili\u00e1rio e Constru\u00e7\u00e3o - OneLegal","og_description":"EXPERI\u00caNCIA \u00daNICA Imobili\u00e1rio e Constru\u00e7\u00e3o Todos os aspetos de imobili\u00e1rio comercial Aquisi\u00e7\u00f5es Aliena\u00e7\u00f5es Desenvolvimento Financiamento e Cr\u00e9dito Refinanciamento Constru\u00e7\u00e3o e gest\u00e3o Elabora\u00e7\u00e3o e negocia\u00e7\u00e3o de empreendimentos conjuntos [joint ventures] Para mais informa\u00e7\u00f5es, envie mensagem paraonelegal@onelegal.pt EXPERI\u00caNCIA \u00daNICA Experi\u00eancia Cabo Verde Assessores de uma operadora tur\u00edstica internacional no \u00e2mbito de investimentos em hot\u00e9is e imobili\u00e1rio nas [&hellip;]","og_url":"https:\/\/onelegal.pt\/pt-pt\/uma-experiencia-unica\/imobiliario-e-construcao\/","og_site_name":"OneLegal","article_publisher":"https:\/\/www.facebook.com\/onelegal.oficial","article_modified_time":"2023-02-14T17:03:40+00:00","twitter_card":"summary_large_image","twitter_misc":{"Tempo estimado de leitura":"1 minuto"},"schema":{"@context":"https:\/\/schema.org","@graph":[{"@type":"WebPage","@id":"https:\/\/onelegal.pt\/pt-pt\/uma-experiencia-unica\/imobiliario-e-construcao\/","url":"https:\/\/onelegal.pt\/pt-pt\/uma-experiencia-unica\/imobiliario-e-construcao\/","name":"Imobili\u00e1rio e Constru\u00e7\u00e3o - OneLegal","isPartOf":{"@id":"https:\/\/onelegal.pt\/pt-pt\/#website"},"datePublished":"2022-03-02T13:04:06+00:00","dateModified":"2023-02-14T17:03:40+00:00","breadcrumb":{"@id":"https:\/\/onelegal.pt\/pt-pt\/uma-experiencia-unica\/imobiliario-e-construcao\/#breadcrumb"},"inLanguage":"pt-PT","potentialAction":[{"@type":"ReadAction","target":["https:\/\/onelegal.pt\/pt-pt\/uma-experiencia-unica\/imobiliario-e-construcao\/"]}]},{"@type":"BreadcrumbList","@id":"https:\/\/onelegal.pt\/pt-pt\/uma-experiencia-unica\/imobiliario-e-construcao\/#breadcrumb","itemListElement":[{"@type":"ListItem","position":1,"name":"In\u00edcio","item":"https:\/\/onelegal.pt\/pt-pt\/"},{"@type":"ListItem","position":2,"name":"Experi\u00eancia \u00danica","item":"https:\/\/onelegal.pt\/pt-pt\/uma-experiencia-unica\/"},{"@type":"ListItem","position":3,"name":"Imobili\u00e1rio e Constru\u00e7\u00e3o"}]},{"@type":"WebSite","@id":"https:\/\/onelegal.pt\/pt-pt\/#website","url":"https:\/\/onelegal.pt\/pt-pt\/","name":"OneLegal","description":"","publisher":{"@id":"https:\/\/onelegal.pt\/pt-pt\/#organization"},"potentialAction":[{"@type":"SearchAction","target":{"@type":"EntryPoint","urlTemplate":"https:\/\/onelegal.pt\/pt-pt\/?s={search_term_string}"},"query-input":"required name=search_term_string"}],"inLanguage":"pt-PT"},{"@type":"Organization","@id":"https:\/\/onelegal.pt\/pt-pt\/#organization","name":"One Legal","url":"https:\/\/onelegal.pt\/pt-pt\/","logo":{"@type":"ImageObject","inLanguage":"pt-PT","@id":"https:\/\/onelegal.pt\/pt-pt\/#\/schema\/logo\/image\/","url":"https:\/\/onelegal.pt\/wp-content\/uploads\/2022\/01\/Prancheta-2.svg","contentUrl":"https:\/\/onelegal.pt\/wp-content\/uploads\/2022\/01\/Prancheta-2.svg","width":1,"height":1,"caption":"One Legal"},"image":{"@id":"https:\/\/onelegal.pt\/pt-pt\/#\/schema\/logo\/image\/"},"sameAs":["https:\/\/www.facebook.com\/onelegal.oficial","https:\/\/www.youtube.com\/channel\/UC8K-CmwBq5T8cXxAOLswV7Q","https:\/\/www.linkedin.com\/company\/onelegaloficial\/"]}]}},"_links":{"self":[{"href":"https:\/\/onelegal.pt\/pt-pt\/wp-json\/wp\/v2\/pages\/3201","targetHints":{"allow":["GET"]}}],"collection":[{"href":"https:\/\/onelegal.pt\/pt-pt\/wp-json\/wp\/v2\/pages"}],"about":[{"href":"https:\/\/onelegal.pt\/pt-pt\/wp-json\/wp\/v2\/types\/page"}],"author":[{"embeddable":true,"href":"https:\/\/onelegal.pt\/pt-pt\/wp-json\/wp\/v2\/users\/13"}],"replies":[{"embeddable":true,"href":"https:\/\/onelegal.pt\/pt-pt\/wp-json\/wp\/v2\/comments?post=3201"}],"version-history":[{"count":0,"href":"https:\/\/onelegal.pt\/pt-pt\/wp-json\/wp\/v2\/pages\/3201\/revisions"}],"up":[{"embeddable":true,"href":"https:\/\/onelegal.pt\/pt-pt\/wp-json\/wp\/v2\/pages\/3131"}],"wp:attachment":[{"href":"https:\/\/onelegal.pt\/pt-pt\/wp-json\/wp\/v2\/media?parent=3201"}],"curies":[{"name":"wp","href":"https:\/\/api.w.org\/{rel}","templated":true}]}}